{"id":27,"date":"2024-08-18T06:58:57","date_gmt":"2024-08-18T04:58:57","guid":{"rendered":"http:\/\/www.meritis.cz\/?page_id=27"},"modified":"2024-08-18T07:13:35","modified_gmt":"2024-08-18T05:13:35","slug":"vseobecne-obchodni-podminky","status":"publish","type":"page","link":"https:\/\/www.meritis.cz\/en\/vseobecne-obchodni-podminky\/","title":{"rendered":"V\u0161eobecn\u00e9 obchodn\u00ed podm\u00ednky"},"content":{"rendered":"<div style=\"height:100px\" aria-hidden=\"true\" class=\"wp-block-spacer\"><\/div>\n\n\n<p>V\u0161eobecn\u00e9 obchodn\u00ed podm\u00ednky pro platby souvisej\u00edc\u00ed s p\u0159ihl\u00e1\u0161en\u00edm \u00fa\u010dastn\u00edka na kongres, semin\u00e1\u0159, sympozium, p\u0159\u00edp. sjezd (d\u00e1le jen \u201eAkce\u201c) na www.meritis.cz (d\u00e1le jen \u201ev\u0161eobecn\u00e9 obchodn\u00ed podm\u00ednky\u201c).<\/p>\n<h3>1. \u00daVODN\u00cd USTANOVEN\u00cd<\/h3>\n<p>1.1 Provozovatelem port\u00e1lu www.meritiskonference.cz je spole\u010dnost Meritis s.r.o., I\u010c 26716305, DI\u010c CZ26716305, se s\u00eddlem Praha 4, Obrovsk\u00e9ho 644\/3, PS\u010c 141 00, zapsan\u00e1 v obchodn\u00edm rejst\u0159\u00edku veden\u00e9m M\u011bstsk\u00fdm soudem v Praze, odd\u00edl C, vlo\u017eka 89209 (d\u00e1le jen \u201eposkytovatel\u201c).<\/p>\n<p>1.2 Kontaktn\u00ed \u00fadaje poskytovatele jsou Meritis s.r.o., Praha 4, Obrovsk\u00e9ho 644\/3, PS\u010c 141 00, email: info@meritis.cz, tel: +420 272 774 065<\/p>\n<p>1.3 Meritis umo\u017e\u0148uje \u00fa\u010dastn\u00edkovi Akce \u00fahradu poplatk\u016f souvisej\u00edc\u00edch s Akc\u00ed, jako jsou nap\u0159. registra\u010dn\u00ed\/\u00fa\u010dastnick\u00fd poplatek, ubytov\u00e1n\u00ed, spole\u010densk\u00fd ve\u010der. Poplatky \u00fa\u010dastn\u00edka akce s\u00e1m \u00fa\u010dastn\u00edk vol\u00ed na p\u0159ihla\u0161ovac\u00edm port\u00e1lu Akce, kde jsou pro ka\u017edou Akci samostatn\u011b ur\u010den\u00e9 a nab\u00edzen\u00e9.<\/p>\n<p>1.5 Meritis zajist\u00ed \u00fa\u010dastn\u00edkovi \u00fa\u010dast na Akci a zvolen\u00e9 a uhrazen\u00e9 slu\u017eby.<\/p>\n<h3>2. VYMEZEN\u00cd POJM\u016e<\/h3>\n<p>2.1 \u00da\u010dastn\u00edk je osoba, kter\u00e1 m\u00e1 z\u00e1jem z\u00fa\u010dastnit se Akce a bere na v\u011bdom\u00ed, \u017ee \u00fa\u010dast na akci je podm\u00edn\u011bna platb\u00e1m, kter\u00e9 jsou jednotliv\u011b vypsan\u00e9 na webov\u00e9m port\u00e1lu Akce. Zvolen\u00edm plateb souhlas\u00ed s \u00fahradou plateb poskytovateli.<\/p>\n<p>2.2 Poskytovatel je agentura, kter\u00e1 je odpov\u011bdn\u00e1 za organiza\u010dn\u00ed zaji\u0161t\u011bn\u00ed Akce. Pro \u00fa\u010dastn\u00edky poskytuje a zaji\u0161\u0165uje za \u00faplatu r\u016fzn\u00e9 slu\u017eby a vyb\u00edr\u00e1 registra\u010dn\u00ed\/\u00fa\u010dastnick\u00e9 poplatky.<\/p>\n<h3>3. INFORMACE O UZAV\u0158EN\u00c9 SMLOUV\u011a A V\u0160EOBECN\u00ddCH OBCHODN\u00cdCH PODM\u00cdNK\u00c1CH<\/h3>\n<p>3.1 Odesl\u00e1n\u00edm objedn\u00e1vky \u00fa\u010dastn\u00edk stvrzuje, \u017ee se sezn\u00e1mil s t\u011bmito v\u0161eobecn\u00fdmi obchodn\u00edmi podm\u00ednkami a \u017ee s nimi bezv\u00fdhradn\u011b a pln\u011b souhlas\u00ed. Tyto v\u0161eobecn\u00e9 obchodn\u00ed podm\u00ednky tvo\u0159\u00ed ned\u00edlnou sou\u010d\u00e1st uzav\u0159en\u00e9 smlouvy.<\/p>\n<p>3.2 Ustanoven\u00ed odchyln\u00e1 od v\u0161eobecn\u00fdch obchodn\u00edch podm\u00ednek lze n\u00e1sledn\u011b upravit. O po\u017eadovan\u00fdch \u00faprav\u00e1ch je nutn\u00e9 poskytovatele uv\u011bdomit zas\u00e1n\u00edm e\u2010mailu na adresu uvedenou u Akce nebo na mail info@meritis.cz. Mo\u017enost dodate\u010dn\u00fdch \u00faprav podl\u00e9h\u00e1 storno podm\u00ednk\u00e1m uveden\u00fdm u Akce. P\u0159\u00edpadn\u00e1 odchyln\u00e1 ujedn\u00e1n\u00ed maj\u00ed p\u0159ednost p\u0159ed v\u0161eobecn\u00fdmi obchodn\u00edmi podm\u00ednkami.<\/p>\n<p>3.3 Poskytovatel m\u016f\u017ee zn\u011bn\u00ed v\u0161eobecn\u00fdch obchodn\u00edch podm\u00ednek jednostrann\u011b m\u011bnit \u010di dopl\u0148ovat. T\u00edmto ustanoven\u00edm nejsou dot\u010dena pr\u00e1va a povinnosti vznikl\u00e1 po dobu \u00fa\u010dinnosti p\u0159edchoz\u00edho zn\u011bn\u00ed v\u0161eobecn\u00fdch obchodn\u00edch podm\u00ednek. Poskytovatel informuje spot\u0159ebitele o zm\u011bn\u011b v\u0161eobecn\u00fdch obchodn\u00edch podm\u00ednek jejich zve\u0159ejn\u011bn\u00edm na webov\u00fdch str\u00e1nk\u00e1ch Akce.<\/p>\n<h3>4. UZAV\u0158EN\u00cd SMLOUVY A JEJ\u00cd OBSAH<\/h3>\n<p>4.1 Obsahem smluvn\u00edho vztahu je z\u00e1vazek poskytovatele poskytnout \u00fa\u010dastn\u00edkovi slu\u017eby specifikovan\u00e9 na webov\u00e9m port\u00e1lu www.meritis.cz. Spot\u0159ebitel se zavazuje zaplatit za objednan\u00e9 slu\u017eby sjednanou cenu na \u00fa\u010det poskytovatele.<\/p>\n<p>4.2 Objedn\u00e1vka \u00fa\u010dastn\u00edka je n\u00e1vrhem na uzav\u0159en\u00ed smlouvy na poskytnut\u00ed slu\u017eby poskytovatelem. Samotn\u00e1 smlouva je uzav\u0159ena okam\u017eikem doru\u010den\u00ed z\u00e1vazn\u00e9ho souhlasu poskytovatele \u00fa\u010dastn\u00edkovi s jeho n\u00e1vrhem. Objedn\u00e1vku slu\u017eeb lze u\u010dinit prost\u0159ednictv\u00edm internetov\u00fdch str\u00e1nek www.meritis.cz.<\/p>\n<p>4.3 P\u0159edm\u011btem objedn\u00e1vky jsou slu\u017eby souvisej\u00edc\u00ed s Akc\u00ed a registra\u010dn\u00ed poplatek. P\u0159ed odesl\u00e1n\u00edm objedn\u00e1vky je \u00fa\u010dastn\u00edkovi umo\u017en\u011bno zkontrolovat a m\u011bnit \u00fadaje, kter\u00e9 do objedn\u00e1vky vlo\u017eil, a to i s ohledem na mo\u017enost \u00fa\u010dastn\u00edka zji\u0161\u0165ovat a opravovat chyby vznikl\u00e9 p\u0159i zad\u00e1v\u00e1n\u00ed dat do objedn\u00e1vky.<\/p>\n<h3>5. CENA A PLATEBN\u00cd PODM\u00cdNKY<\/h3>\n<p>5.1 Cena nab\u00edzen\u00fdch slu\u017eeb jsou v\u017edy uvedeny na port\u00e1le www.meritiskonference.cz u p\u0159\u00edslu\u0161n\u00e9 Akce.<\/p>\n<p>5.2 Cena slu\u017eby dle konkr\u00e9tn\u00ed uzav\u0159en\u00e9 smlouvy jsou v\u017edy uvedena tak\u00e9 v objedn\u00e1vce.<\/p>\n<p>5.3 Cenu nab\u00edzen\u00fdch slu\u017eeb je mo\u017en\u00e9 uhradit bankovn\u00edm p\u0159evodem nebo online platbou.<\/p>\n<p>5.4 Pro \u00fa\u010del online platby m\u016f\u017ee \u00fa\u010dastn\u00edk vyu\u017e\u00edt slu\u017ebu ePlatba+, kter\u00e1 ho p\u0159esm\u011bruje na internetov\u00e9 bankovnictv\u00ed zvolen\u00e9 banky. \u00da\u010dastn\u00edk prost\u0159ednictv\u00edm intenet bankingu ode\u0161le svoji platbu. P\u0159evody pen\u011bz jsou uskute\u010d\u0148ov\u00e1ny prost\u0159ednictv\u00edm \u00fa\u010dtu spole\u010dnosti ComGate Paytments a.s.<\/p>\n<p>Citliv\u00e9 vstupn\u00ed \u00fadaje, kter\u00e9 zad\u00e1v\u00e1te do syst\u00e9mu internetov\u00e9ho bankovnictv\u00ed, jsou chr\u00e1n\u011bny platebn\u00edmi branami bank a nedost\u00e1vaj\u00ed se do prost\u0159ed\u00ed t\u0159et\u00edch stran. Zpracovatel\u00e9 plateb vid\u00ed pouze informace o transakci, kter\u00e9 jim banka s odeslanou transakc\u00ed sd\u011bl\u00ed.<\/p>\n<h3>6. ODSTOUPEN\u00cd OD SMLOUVY<\/h3>\n<p>6.1 \u00da\u010dastn\u00edk m\u00e1 pr\u00e1vo odstoupit od smlouvy uzav\u0159en\u00e9 p\u0159i pou\u017eit\u00ed prost\u0159edk\u016f komunikace na d\u00e1lku ve lh\u016ft\u011b 14 kalend\u00e1\u0159n\u00edch dn\u016f od uskute\u010dn\u011bn\u00ed objedn\u00e1vky, a to bez uveden\u00ed d\u016fvodu a bez jak\u00e9koliv sankce. Odstoupen\u00ed od smlouvy mus\u00ed b\u00fdt poskytovateli odesl\u00e1no nejpozd\u011bji 14. den od potvrzen\u00ed objedn\u00e1vky, a to p\u00edsemn\u011b na adresu kancel\u00e1\u0159e poskytovatele:<br \/>Meritis s.r.o.<br \/>Obrovsk\u00e9ho 644\/3, 141 00 Praha 4<br \/>I\u010c: 26716305<br \/>nebo e\u2010mailem na adresu<br \/>info@meritis.cz.<\/p>\n<p>Po t\u00e9to lh\u016ft\u011b lze stornovat objedn\u00e1vku dle storno podm\u00ednek uveden\u00fdch na port\u00e1lu Akce.<\/p>\n<p>6.2 P\u0159i spln\u011bn\u00ed v\u0161ech v\u00fd\u0161e uveden\u00fdch podm\u00ednek odstoupen\u00ed od smlouvy budou pen\u00edze zasl\u00e1ny p\u0159evodem na bankovn\u00ed \u00fa\u010det sd\u011blen\u00fd \u00fa\u010dastn\u00edkem, a to nejpozd\u011bji do 14 dn\u016f od doru\u010den\u00ed odstoupen\u00ed od smlouvy.<\/p>\n<h3>7. ODPOV\u011aDNOST A Z\u00c1RUKY, REKLAMACE<\/h3>\n<p>7.1 Poskytovatel se zaru\u010duje uv\u00e1d\u011bt na webov\u00e9m port\u00e1lu Akce p\u0159esn\u00e9 ceny za ve\u0161ker\u00e9 nab\u00edzen\u00e9 slu\u017eby.<\/p>\n<p>7.2 Poskytovatel neodpov\u00edd\u00e1 za chybn\u011b vypln\u011bn\u00e9 \u00fadaje \u00fa\u010dastn\u00edkem v objedn\u00e1vce (nap\u0159. chybn\u011b vypln\u011bn\u00e1 e\u2010mailov\u00e1 adresa). V p\u0159\u00edpad\u011b, \u017ee \u00fa\u010dastn\u00edk chybn\u011b vypln\u00ed \u00fadaje v objedn\u00e1vce, a v d\u016fsledku chybn\u00e9ho vypln\u011bn\u00ed \u00fadaj\u016f vznikne \u00fa\u010dastn\u00edkovi \u0161koda, poskytovatel za vzniklou \u0161kodu neodpov\u00edd\u00e1.<\/p>\n<h3>8. OCHRANA OSOBN\u00cdCH \u00daDAJ\u016e<\/h3>\n<p>8.1 Poskytovatel zpracov\u00e1v\u00e1 osobn\u00ed \u00fadaje \u00fa\u010dastn\u00edk\u016f, kter\u00e9 \u00fa\u010dastn\u00edci zadaj\u00ed p\u0159i registraci nebo p\u0159i uzav\u0159en\u00ed smlouvy.<\/p>\n<p>8.2 Ochrana osobn\u00edch \u00fadaj\u016f \u00fa\u010dastn\u00edka, kter\u00fd je fyzickou osobou, je zaji\u0161t\u011bna v souladu se z\u00e1konem \u010d. 101\/2000 Sb., o ochran\u011b osobn\u00edch \u00fadaj\u016f, v platn\u00e9m zn\u011bn\u00ed.<\/p>\n<p>8.3 \u00da\u010dastn\u00edk souhlas\u00ed se zpracov\u00e1n\u00edm v\u0161ech sv\u00fdch osobn\u00edch \u00fadaj\u016f, kter\u00e9 vyplnil v registra\u010dn\u00edm formul\u00e1\u0159i nebo ve smlouv\u011b. \u00da\u010dastn\u00edk souhlas\u00ed zejm\u00e9na se zpracov\u00e1n\u00edm t\u011bchto osobn\u00edch \u00fadaj\u016f: jm\u00e9no, p\u0159\u00edjmen\u00ed, e\u2010mailov\u00e1 adresa, telefonn\u00ed \u010d\u00edslo, adresa (d\u00e1le v\u0161e spole\u010dn\u011b jen jako \u201eOsobn\u00ed \u00fadaje\u201c).<\/p>\n<p>8.4 \u00da\u010dastn\u00edk souhlas\u00ed se zpracov\u00e1n\u00edm Osobn\u00edch \u00fadaj\u016f spole\u010dnost\u00ed Meritis s.r.o., a to v\u00fdlu\u010dn\u011b pro \u00fa\u010dely a pot\u0159eby p\u0159edm\u011btn\u00e9 Akce. \u00da\u010dastn\u00edk nen\u00ed opr\u00e1vn\u011bn odm\u00edtnout poskytnut\u00ed Osobn\u00edch \u00fadaj\u016f pro v\u00fd\u0161e uveden\u00e9 \u00fa\u010dely.<\/p>\n<p>8.5 \u00da\u010dastn\u00edk bere na v\u011bdom\u00ed, \u017ee je povinen sv\u00e9 Osobn\u00ed \u00fadaje uv\u00e1d\u011bt spr\u00e1vn\u011b a pravdiv\u011b, a \u017ee je povinen bez zbyte\u010dn\u00e9ho odkladu informovat poskytovatele o zm\u011bn\u011b ve sv\u00fdch Osobn\u00edch \u00fadaj\u00edch.<\/p>\n<p>8.6 Osobn\u00ed \u00fadaje budou zpracov\u00e1v\u00e1ny po dobu neur\u010ditou.<\/p>\n<p>8.7 \u00da\u010dastn\u00edk potvrzuje, \u017ee poskytnut\u00e9 Osobn\u00ed \u00fadaje jsou p\u0159esn\u00e9.<\/p>\n<p>8.8 \u00da\u010dastn\u00edk potvrzuje, \u017ee byl pou\u010den o tom, \u017ee souhlas se zpracov\u00e1n\u00edm Osobn\u00edch \u00fadaj\u016f m\u016f\u017ee ve vztahu k poskytovateli kdykoliv odvolat p\u00edsemn\u00fdm ozn\u00e1men\u00edm doru\u010den\u00fdm na adresu s\u00eddla spole\u010dnosti Meritis s.r.o.<\/p>\n<p>8.9 V p\u0159\u00edpad\u011b, \u017ee by se \u00fa\u010dastn\u00edk domn\u00edval, \u017ee poskytovatel prov\u00e1d\u00ed zpracov\u00e1n\u00ed jeho Osobn\u00edch \u00fadaj\u016f v rozporu s ochranou soukrom\u00e9ho a osobn\u00edho \u017eivota \u00fa\u010dastn\u00edka nebo v rozporu se z\u00e1konem, m\u016f\u017ee po\u017e\u00e1dat poskytovatele o vysv\u011btlen\u00ed a po\u017eadovat, aby odstranil z\u00e1vadn\u00fd stav. \u00da\u010dastn\u00edk se v takov\u00e9m p\u0159\u00edpad\u011b rovn\u011b\u017e m\u016f\u017ee obr\u00e1tit p\u0159\u00edmo na \u00da\u0159ad pro ochranu osobn\u00edch \u00fadaj\u016f.<\/p>\n<p>8.10 Po\u017e\u00e1d\u00e1\u2010li \u00da\u010dastn\u00edk o informaci o zpracov\u00e1n\u00ed sv\u00fdch Osobn\u00edch \u00fadaj\u016f, je mu poskytovatel povinen tuto informaci p\u0159edat. Poskytovatel m\u00e1 pr\u00e1vo za poskytnut\u00e9 informace podle p\u0159edchoz\u00ed v\u011bty po\u017eadovat p\u0159im\u011b\u0159enou \u00fahradu nep\u0159evy\u0161uj\u00edc\u00ed n\u00e1klady nezbytn\u00e9 na poskytnut\u00ed informace.<\/p>\n<h3>9. Z\u00c1V\u011aRE\u010cN\u00c1 USTANOVEN\u00cd<\/h3>\n<p>9.1 Tyto v\u0161eobecn\u00e9 obchodn\u00ed podm\u00ednky upravuj\u00ed smluvn\u00ed vztahy a vymezuj\u00ed pr\u00e1va a povinnosti mezi \u00fa\u010dastn\u00edkem a poskytovatelem p\u0159i uzav\u00edr\u00e1n\u00ed smluv na \u010dasov\u011b omezen\u00e9 vyu\u017eit\u00ed slu\u017eeb prost\u0159ednictv\u00edm internetov\u00e9ho port\u00e1lu www.meritis.cz. \u00da\u010dastn\u00edk sv\u00fdm vstupem na port\u00e1l www.meritis.cz stvrzuje, \u017ee se sezn\u00e1mil s aktu\u00e1ln\u00edm zn\u011bn\u00edm v\u0161eobecn\u00fdch obchodn\u00edch podm\u00ednek, a zavazuje se jimi \u0159\u00eddit. V p\u0159\u00edpad\u011b, \u017ee \u00fa\u010dastn\u00edk nesouhlas\u00ed s v\u0161eobecn\u00fdmi obchodn\u00edmi podm\u00ednkami, je povinen ihned ukon\u010dit jak\u00e9koli pou\u017e\u00edv\u00e1n\u00ed port\u00e1lu www.meritiskonference.cz. Jak\u00e9koliv pou\u017eit\u00ed port\u00e1lu www.meritis.cz \u00fa\u010dastn\u00edkem bude pova\u017eov\u00e1no za souhlas s aktu\u00e1ln\u00edm zn\u011bn\u00edm v\u0161eobecn\u00fdch obchodn\u00edch podm\u00ednek.<\/p>\n<p>9.2 Ve\u0161ker\u00e9 smluvn\u00ed vztahy se \u0159\u00edd\u00ed obecn\u011b z\u00e1vazn\u00fdmi pr\u00e1vn\u00edmi p\u0159edpisy \u010cesk\u00e9 republiky a t\u011bmito v\u0161eobecn\u00fdmi obchodn\u00edmi podm\u00ednkami. Vztahy, kter\u00e9 neupravuj\u00ed tyto v\u0161eobecn\u00e9 obchodn\u00ed podm\u00ednky, se \u0159\u00edd\u00ed p\u0159edev\u0161\u00edm ob\u010dansk\u00fdm z\u00e1kon\u00edkem (z\u00e1kon \u010d\u00edslo 40\/1964 Sb. v platn\u00e9m zn\u011bn\u00ed) a z\u00e1konem o ochran\u011b spot\u0159ebitele (z\u00e1kon \u010d\u00edslo 634\/1992 Sb. v platn\u00e9m zn\u011bn\u00ed). Ve\u0161ker\u00e9 pr\u00e1vn\u00ed vztahy vznikaj\u00edc\u00ed na z\u00e1klad\u011b nebo v souvislosti s port\u00e1lem www.meritiskonference.cz se \u0159\u00edd\u00ed pr\u00e1vn\u00edm \u0159\u00e1dem \u010cesk\u00e9 republiky.<\/p>\n<p>9.3 Je\u2010li nebo stane\u2010li se n\u011bkter\u00e9 z ustanoven\u00ed v\u0161eobecn\u00fdch obchodn\u00edch podm\u00ednek neplatn\u00fdm nebo ne\u00fa\u010dinn\u00fdm, nen\u00ed t\u00edm dot\u010dena platnost \u010di \u00fa\u010dinnost jin\u00fdch ustanoven\u00ed. Na m\u00edsto neplatn\u00e9ho \u010di ne\u00fa\u010dinn\u00e9ho ustanoven\u00ed nastoup\u00ed ustanoven\u00ed, jeho\u017e smysl se neplatn\u00e9mu \u010di ne\u00fa\u010dinn\u00e9mu ustanoven\u00ed nejv\u00edce bl\u00ed\u017e\u00ed.<\/p>\n<p>9.4 Tyto V\u0161eobecn\u00e9 obchodn\u00ed podm\u00ednky nab\u00fdvaj\u00ed \u00fa\u010dinnosti dne 1. 1. 2018.<\/p>","protected":false},"excerpt":{"rendered":"<p>V\u0161eobecn\u00e9 obchodn\u00ed podm\u00ednky pro platby souvisej\u00edc\u00ed s p\u0159ihl\u00e1\u0161en\u00edm \u00fa\u010dastn\u00edka na kongres, semin\u00e1\u0159, sympozium, p\u0159\u00edp. sjezd (d\u00e1le jen \u201eAkce\u201c) na www.meritis.cz (d\u00e1le jen \u201ev\u0161eobecn\u00e9 obchodn\u00ed podm\u00ednky\u201c). 1. \u00daVODN\u00cd USTANOVEN\u00cd 1.1 Provozovatelem port\u00e1lu www.meritiskonference.cz je spole\u010dnost Meritis s.r.o., I\u010c 26716305, DI\u010c CZ26716305, se s\u00eddlem Praha 4, Obrovsk\u00e9ho 644\/3, PS\u010c 141 00, zapsan\u00e1 v obchodn\u00edm rejst\u0159\u00edku veden\u00e9m M\u011bstsk\u00fdm [&hellip;]<\/p>","protected":false},"author":2,"featured_media":0,"parent":0,"menu_order":0,"comment_status":"closed","ping_status":"closed","template":"","meta":{"footnotes":""},"class_list":["post-27","page","type-page","status-publish","hentry"],"_links":{"self":[{"href":"https:\/\/www.meritis.cz\/en\/wp-json\/wp\/v2\/pages\/27","targetHints":{"allow":["GET"]}}],"collection":[{"href":"https:\/\/www.meritis.cz\/en\/wp-json\/wp\/v2\/pages"}],"about":[{"href":"https:\/\/www.meritis.cz\/en\/wp-json\/wp\/v2\/types\/page"}],"author":[{"embeddable":true,"href":"https:\/\/www.meritis.cz\/en\/wp-json\/wp\/v2\/users\/2"}],"replies":[{"embeddable":true,"href":"https:\/\/www.meritis.cz\/en\/wp-json\/wp\/v2\/comments?post=27"}],"version-history":[{"count":5,"href":"https:\/\/www.meritis.cz\/en\/wp-json\/wp\/v2\/pages\/27\/revisions"}],"predecessor-version":[{"id":33,"href":"https:\/\/www.meritis.cz\/en\/wp-json\/wp\/v2\/pages\/27\/revisions\/33"}],"wp:attachment":[{"href":"https:\/\/www.meritis.cz\/en\/wp-json\/wp\/v2\/media?parent=27"}],"curies":[{"name":"wp","href":"https:\/\/api.w.org\/{rel}","templated":true}]}}